{"id":4933,"date":"2021-06-30T16:26:30","date_gmt":"2021-06-30T16:26:30","guid":{"rendered":"https:\/\/healthcoreclinic.org\/?page_id=4933"},"modified":"2025-08-19T15:04:48","modified_gmt":"2025-08-19T20:04:48","slug":"chequeo-de-salud-infantil","status":"publish","type":"page","link":"https:\/\/healthcoreclinic.org\/es\/chequeo-de-salud-infantil","title":{"rendered":"Revisi\u00f3n m\u00e9dica para el bienestar infantil: Qu\u00e9 esperar y cu\u00e1ndo programar"},"content":{"rendered":"<p>La revisi\u00f3n m\u00e9dica para el bienestar infantil es un momento en el que los padres pueden revisar la salud de sus hijos y asegurarse de que est\u00e9n creciendo y desarroll\u00e1ndose normalmente. Las revisiones para el bienestar infantil generalmente comienzan unos d\u00edas despu\u00e9s del nacimiento de los ni\u00f1os y contin\u00faan hasta que cumplen 18 a\u00f1os.<\/p>\n\n\n\n<p>Su hijo necesitar\u00e1 revisiones m\u00e9dicas a las edades de 2 semanas, 2 meses, 4 meses, 6 meses, 9 meses, 12 meses, 15 meses, 18 meses, 2 a\u00f1os, 2 1\/2 a\u00f1os, 3 a\u00f1os, y luego visitas anuales despu\u00e9s de eso. Durante estas revisiones, su proveedor de atenci\u00f3n m\u00e9dica evaluar\u00e1 el desarrollo f\u00edsico y emocional de su hijo, le dar\u00e1 orientaci\u00f3n e inmunizaciones (inyecciones) y completar\u00e1 los ex\u00e1menes necesarios. Este tambi\u00e9n es un buen momento para hablar con su proveedor de atenci\u00f3n m\u00e9dica sobre las inquietudes o preguntas que tiene sobre el desarrollo de su hijo (f\u00edsico,&nbsp; mental&nbsp; o social).<\/p>\n\n\n\n<div class=\"wp-block-group alignfull has-healthcore-gray-background-color has-background\" id=\"odontologicos\"><div class=\"wp-block-group__inner-container is-layout-flow wp-block-group-is-layout-flow\">\n<div class=\"wp-block-columns is-layout-flex wp-container-core-columns-is-layout-9d6595d7 wp-block-columns-is-layout-flex\">\n<div class=\"wp-block-column is-layout-flow wp-block-column-is-layout-flow\">\n<h2 class=\"wp-block-heading\"><strong><em>Qu\u00e9<\/em> esperar en una revisi\u00f3n m\u00e9dica infantil<\/strong><\/h2>\n\n\n\n<p>Cada visita incluye un examen f\u00edsico completo, durante el cual el proveedor de atenci\u00f3n m\u00e9dica verifica el peso, la estatura y otra informaci\u00f3n vital de su hijo. Tambi\u00e9n examinar\u00e1n el crecimiento y el desarrollo de su hijo para identificar posibles problemas. Tambi\u00e9n se pueden incluir vacunas, ex\u00e1menes de detecci\u00f3n y otros cuidados preventivos dependiendo de la edad de su hijo.<\/p>\n\n\n\n<div class=\"wp-block-buttons is-layout-flex wp-block-buttons-is-layout-flex\">\n<div class=\"wp-block-button\"><a class=\"wp-block-button__link wp-element-button\" href=\"https:\/\/healthcoreclinic.org\/es\/contact\/\">Programe una revisi\u00f3n m\u00e9dica<\/a><\/div>\n<\/div>\n<\/div>\n\n\n\n<div class=\"wp-block-column is-layout-flow wp-block-column-is-layout-flow\">\n<figure class=\"wp-block-image size-large\"><img loading=\"lazy\" decoding=\"async\" width=\"1024\" height=\"683\" src=\"https:\/\/healthcoreclinic.org\/wp-content\/uploads\/2019\/11\/HCC_BearClinic-scaled-e1574640212734-1024x683.jpeg\" alt=\"\" class=\"wp-image-2299\" srcset=\"https:\/\/healthcoreclinic.org\/wp-content\/uploads\/2019\/11\/HCC_BearClinic-scaled-e1574640212734-1024x683.jpeg 1024w, https:\/\/healthcoreclinic.org\/wp-content\/uploads\/2019\/11\/HCC_BearClinic-scaled-e1574640212734-300x200.jpeg 300w, https:\/\/healthcoreclinic.org\/wp-content\/uploads\/2019\/11\/HCC_BearClinic-scaled-e1574640212734-768x512.jpeg 768w, https:\/\/healthcoreclinic.org\/wp-content\/uploads\/2019\/11\/HCC_BearClinic-scaled-e1574640212734-1536x1025.jpeg 1536w, https:\/\/healthcoreclinic.org\/wp-content\/uploads\/2019\/11\/HCC_BearClinic-scaled-e1574640212734.jpeg 2000w\" sizes=\"auto, (max-width: 1024px) 100vw, 1024px\" \/><\/figure>\n<\/div>\n<\/div>\n<\/div><\/div>\n\n\n\n<h2 class=\"wp-block-heading\"><strong><em>\u00bfCon<\/em> qu\u00e9 frecuencia debe un ni\u00f1o tener una revisi\u00f3n m\u00e9dica?<\/strong><\/h2>\n\n\n\n<p>Las fechas para la revisi\u00f3n m\u00e9dica infantil son muy consistentes para cada ni\u00f1o. Su hijo necesitar\u00e1 revisiones m\u00e9dicas a las edades de 2 semanas, 2 meses, 4 meses, 6 meses, 9 meses, 12 meses, 15 meses, 18 meses, 2 a\u00f1os, 2 a\u00f1os y medio, 3 a\u00f1os y visitas anuales despu\u00e9s de eso.<\/p>\n\n\n\n<h3 class=\"wp-block-heading\">0-1 <strong>A\u00f1o<\/strong>&nbsp;<\/h3>\n\n\n\n<p>Su pediatra o proveedor de atenci\u00f3n m\u00e9dica har\u00e1 un seguimiento del crecimiento de la cabeza de su beb\u00e9 y le preguntar\u00e1 sobre los h\u00e1bitos alimenticios, los h\u00e1bitos de sue\u00f1o, su orina, pop\u00f3 y sobre su comportamiento. Tendr\u00e1 la oportunidad de buscar orientaci\u00f3n sobre cu\u00e1ndo y c\u00f3mo comenzar a proveer alimentos s\u00f3lidos a su beb\u00e9. La mayor\u00eda de las visitas m\u00e9dicas durante este tiempo incluyen alg\u00fan tipo de vacunaci\u00f3n.<\/p>\n\n\n\n<h3 class=\"wp-block-heading\">1-2 <strong>A\u00f1os<\/strong><\/h3>\n\n\n\n<p>Durante los primeros a\u00f1os del ni\u00f1o, su proveedor de atenci\u00f3n m\u00e9dica prestar\u00e1 especial atenci\u00f3n a las etapas de crecimiento y desarrollo para estar atento a cualquier desarrollo inusual.<\/p>\n\n\n\n<h3 class=\"wp-block-heading\">3-5 <strong>A\u00f1os<\/strong><\/h3>\n\n\n\n<p>A esta edad, el pediatra o el m\u00e9dico pueden comenzar a revisar la presi\u00f3n arterial de su hijo y hablar con su hijo para desarrollar una relaci\u00f3n creciente y escuchar los patrones del habla.<\/p>\n\n\n\n<h3 class=\"wp-block-heading\">5-12 <strong>A\u00f1os<\/strong><\/h3>\n\n\n\n<p>A medida que su hijo crezca, espere agregar una variedad de nuevas pruebas de detecci\u00f3n a la rutina, que incluyen:<\/p>\n\n\n\n<ul class=\"wp-block-list\">\n<li>Visi\u00f3n<\/li>\n\n\n\n<li>O\u00eddo<\/li>\n\n\n\n<li>Salud de la espina<\/li>\n\n\n\n<li>Interacci\u00f3n social<\/li>\n\n\n\n<li>Seguridad en el hogar<\/li>\n\n\n\n<li>Cambios en las marcas de nacimiento<\/li>\n<\/ul>\n\n\n\n<h3 class=\"wp-block-heading\">12-17 <strong>A\u00f1os<\/strong><\/h3>\n\n\n\n<p>A medida que su hijo llega a la adolescencia, los proveedores de atenci\u00f3n m\u00e9dica pueden agregar una variedad de temas tales como:<\/p>\n\n\n\n<ul class=\"wp-block-list\">\n<li>Actividad f\u00edsica<\/li>\n\n\n\n<li>Interacci\u00f3n social<\/li>\n\n\n\n<li>Nutrici\u00f3n<\/li>\n\n\n\n<li>Depresi\u00f3n<\/li>\n\n\n\n<li>Pubertad<\/li>\n\n\n\n<li>Acn\u00e9<\/li>\n\n\n\n<li>Tabaquismo, alcohol y drogas<\/li>\n\n\n\n<li>Sexo seguro<\/li>\n<\/ul>\n\n\n\n<h2 class=\"wp-block-heading\"><strong><em>\u00bfQu\u00e9<\/em> es KAN Be Healthy?<\/strong><\/h2>\n\n\n\n<p>En Kansas, <a href=\"https:\/\/www.kmap-state-ks.us\/public\/kan%20be%20healthy%20main.asp\" target=\"_blank\" rel=\"noopener\">KAN Be Healthy<\/a> (KBH) es un programa de Medicaid para ni\u00f1os, adolescentes y adultos que garantiza que todos tengan acceso a revisiones m\u00e9dicas infantil. Todas las personas que tienen 20 a\u00f1os de edad o menos pueden participar en el programa KBH. Hay cuatro ex\u00e1menes KAN Be Healthy:<\/p>\n\n\n\n<ul class=\"wp-block-list\">\n<li>KAN Be Healthy Medical \u2013 Su cuerpo<\/li>\n\n\n\n<li>KAN Be Healthy Vision\u2013 Sus Ojos<\/li>\n\n\n\n<li>KAN Be Healthy Dental\u2013 Sus Dientes<\/li>\n\n\n\n<li>KAN Be Healthy Hearing \u2013 Sus O\u00eddos<\/li>\n<\/ul>\n\n\n\n<h3 class=\"wp-block-heading\"><strong>Ex\u00e1menes KAN Be<\/strong><\/h3>\n\n\n\n<p>Los ex\u00e1menes m\u00e9dicos de KAN Be Healthy incluyen evaluaci\u00f3n de la visi\u00f3n, auditiva y de los dientes. La revisi\u00f3n KBH sigue las pautas de detecci\u00f3n temprana y peri\u00f3dica, diagn\u00f3stico y tratamiento y se considera una herramienta importante en la atenci\u00f3n m\u00e9dica preventiva y para el desarrollo. KAN Be Healthy ayuda a su hijo a recuperarse m\u00e1s r\u00e1pido, al recibir la atenci\u00f3n y los medicamentos que necesita:<\/p>\n\n\n\n<ul class=\"wp-block-list\">\n<li>Medicamentos recetados y algunos medicamentos que no requieren receta (con receta m\u00e9dica)<\/li>\n\n\n\n<li>Servicios de dietista<\/li>\n\n\n\n<li>Transportaci\u00f3n al m\u00e9dico \/ cl\u00ednica<\/li>\n\n\n\n<li>Suministros y equipos m\u00e9dicos adicionales con receta m\u00e9dica\u00a0 (como suministros de alimentaci\u00f3n por sonda)<\/li>\n\n\n\n<li>Ayuda para los ni\u00f1os que est\u00e1n confinados en casa debido a problemas f\u00edsicos a largo plazo<\/li>\n\n\n\n<li>Servicios de consejer\u00eda y salud conductual<\/li>\n\n\n\n<li>Ex\u00e1menes de la vista seg\u00fan sea necesario<\/li>\n\n\n\n<li>Anteojos y reparaciones (se aplican algunas limitaciones)<\/li>\n\n\n\n<li>Pruebas y aparatos auditivos (se aplican algunas limitaciones)<\/li>\n\n\n\n<li>Limpieza dental de rutina, incluyendo radiograf\u00edas<\/li>\n\n\n\n<li>Tratamiento con fl\u00faor (se aplican algunas limitaciones)<\/li>\n\n\n\n<li>Selladores, rellenos y extracci\u00f3n de dientes<\/li>\n<\/ul>\n\n\n\n<h2 class=\"wp-block-heading\"><strong><em>\u00bfPor qu\u00e9<\/em> son importantes las revisiones m\u00e9dicas anuales para el bienestar infantil y las visitas Kan Be Healthy?<\/strong><\/h2>\n\n\n\n<p>Una revisi\u00f3n m\u00e9dica anual para el bienestar infantil o Kan Be Healthy juega un papel crucial en la prevenci\u00f3n de enfermedades, la promoci\u00f3n del bienestar de su hijo y para mantenerlo informado sobre el desarrollo de su hijo. Tenga en cuenta que la revisi\u00f3n m\u00e9dica para el f\u00edsico deportivo que muchos adolescentes reciben para practicar deportes de ninguna manera reemplaza el examen f\u00edsico anual que deben tener con su proveedor de atenci\u00f3n m\u00e9dica. Comun\u00edquese con un <a href=\"https:\/\/healthcoreclinic.org\/es\/medical\/services\/\">proveedor de atenci\u00f3n pedi\u00e1trica de Wichita<\/a> para obtener m\u00e1s informaci\u00f3n.<\/p>\n\n\n\n<h2 class=\"wp-block-heading\"><strong>Vacunas e inmunizaciones durante la revisi\u00f3n m\u00e9dica para el bienestar infantil<\/strong><\/h2>\n\n\n\n<p>Las vacunas son una parte importante de la revisi\u00f3n m\u00e9dica de su hijo. A algunos padres les preocupa que estas vacunas puedan conducir a ciertos problemas de salud.<\/p>\n\n\n\n<p>Los investigadores de los <a href=\"https:\/\/www.cdc.gov\/\" target=\"_blank\" rel=\"noopener\">Centros para el Control y la Prevenci\u00f3n de Enfermedades<\/a> (CDC) han realizado una serie de estudios sobre el uso de vacunas y el autismo y han desestimado que exista un v\u00ednculo entre los dos. Las vacunas no solo son seguras,&nbsp; sino que tambi\u00e9n juegan un papel importante al mantener a todos los ni\u00f1os sanos.<\/p>\n\n\n\n<h3 class=\"wp-block-heading\"><strong>Lista de vacunas e inmunizaciones<\/strong><\/h3>\n\n\n\n<figure class=\"wp-block-image size-large\"><img loading=\"lazy\" decoding=\"async\" width=\"1024\" height=\"289\" src=\"https:\/\/healthcoreclinic.org\/wp-content\/uploads\/2021\/06\/Well-Child-Vaccines-List-SPANISH-1024x289.png\" alt=\"\" class=\"wp-image-4939\" srcset=\"https:\/\/healthcoreclinic.org\/wp-content\/uploads\/2021\/06\/Well-Child-Vaccines-List-SPANISH-1024x289.png 1024w, https:\/\/healthcoreclinic.org\/wp-content\/uploads\/2021\/06\/Well-Child-Vaccines-List-SPANISH-300x85.png 300w, https:\/\/healthcoreclinic.org\/wp-content\/uploads\/2021\/06\/Well-Child-Vaccines-List-SPANISH-768x217.png 768w, https:\/\/healthcoreclinic.org\/wp-content\/uploads\/2021\/06\/Well-Child-Vaccines-List-SPANISH.png 1366w\" sizes=\"auto, (max-width: 1024px) 100vw, 1024px\" \/><\/figure>\n\n\n\n<h2 class=\"wp-block-heading\"><strong>Encuentre un pediatra<\/strong> <strong>o m\u00e9dico<\/strong><\/h2>\n\n\n\n<p>Hay dos tipos de m\u00e9dicos que tratan a los ni\u00f1os:<\/p>\n\n\n\n<ul class=\"wp-block-list\">\n<li>Un <strong>pediatra cuida de los ni\u00f1os<\/strong> desde que nacen hasta que se convierten en adolescentes. La mayor\u00eda de los pediatras atienden a ni\u00f1os hasta los 18 a\u00f1os de edad; sin embargo, en algunos casos, pueden continuar viendo a los pacientes hasta los 21 a\u00f1os. Algunos pediatras tienen experiencia con enfermedades espec\u00edficas, como el c\u00e1ncer infantil.<\/li>\n\n\n\n<li>Un <strong>m\u00e9dico familiar<\/strong> es un m\u00e9dico que cuida de pacientes de todas las edades. Los m\u00e9dicos familiares est\u00e1n capacitados para cuidar a los ni\u00f1os, pero tambi\u00e9n tienen capacitaci\u00f3n en otras \u00e1reas, como la salud de la mujer o la medicina interna general.<\/li>\n<\/ul>\n\n\n\n<p>El tipo de m\u00e9dico que elija depende de lo que est\u00e9 buscando. Si desea un m\u00e9dico que pueda cuidar a su hijo hasta la edad adulta, puede elegir un m\u00e9dico familiar o puede decidir que prefiere tener un m\u00e9dico que se especialice solo en ni\u00f1os.<\/p>\n\n\n\n<p>Comience a buscar un m\u00e9dico para su hijo lo m\u00e1s temprano posible, por lo menos 3 meses antes de que su beb\u00e9 nazca. Comience por verificar qu\u00e9 m\u00e9dicos y proveedores de atenci\u00f3n m\u00e9dica est\u00e1n cubiertos por su p\u00f3liza de seguro.<\/p>\n\n\n\n<p>Si a\u00fan no tiene un pediatra o proveedor de atenci\u00f3n m\u00e9dica para su hijo, puede comunicarse con <a href=\"https:\/\/healthcoreclinic.org\/es\">\u00a1HealthCore Clinic<\/a> o buscar m\u00e9dicos en su \u00e1rea a trav\u00e9s de la herramienta <a href=\"https:\/\/www.healthline.com\/find-care\/\" target=\"_blank\" rel=\"noopener\">Healthline FindCare<\/a>.&nbsp;<\/p>\n\n\n\n<p>Tambi\u00e9n puede pedir recomendaciones de amigos, compa\u00f1eros de trabajo y otros proveedores de atenci\u00f3n m\u00e9dica. <a href=\"https:\/\/www.aafp.org\/home.html\" target=\"_blank\" rel=\"noopener\">La Academia Americana de Pediatr\u00eda y la Junta Americana de Medicina Familiar<\/a> mantienen listas de m\u00e9dicos certificados por la junta y proveedores de atenci\u00f3n m\u00e9dica en su \u00e1rea.<\/p>\n\n\n\n<h3 class=\"wp-block-heading\"><strong>Programe una cita prenatal<\/strong><\/h3>\n\n\n\n<p>Despu\u00e9s, programe una cita prenatal (una cita antes de que nazca su hijo). Una cita prenatal es un buen momento para que usted entreviste al m\u00e9dico que ha seleccionado. Durante su visita al consultorio, tome en cuenta lo siguiente:<\/p>\n\n\n\n<ul class=\"wp-block-list\">\n<li>\u00bfCu\u00e1l es la personalidad del m\u00e9dico?<\/li>\n\n\n\n<li>\u00bfEs agradable el personal de la oficina?<\/li>\n\n\n\n<li>\u00bfCu\u00e1ndo est\u00e1 abierta la oficina y qu\u00e9 tan ocupada est\u00e1?<\/li>\n\n\n\n<li>Si su hijo tiene una emergencia o necesita comunicarse con la oficina despu\u00e9s de horas \u00bfqui\u00e9n se encargar\u00eda de eso?<\/li>\n<\/ul>\n\n\n\n<h2 class=\"wp-block-heading\"><strong>Programe una cita en HealthCore<\/strong> <strong>Clinic<\/strong><\/h2>\n\n\n\n<p><a href=\"https:\/\/healthcoreclinic.org\/es\">\u00a1HealthCore Clinic<\/a> ofrece una amplia gama de atenci\u00f3n pedi\u00e1trica para ni\u00f1os de todas las edades. Nuestro enfoque integral de la atenci\u00f3n analiza la salud general de su hijo, incluidos los servicios m\u00e9dicos, dentales, conductuales y m\u00e1s. El enfoque basado en el equipo para la atenci\u00f3n pedi\u00e1trica centrada en la familia est\u00e1 dise\u00f1ado tom\u00e1ndole en cuenta a usted y a su hijo. Utilizamos servicios preventivos receptivos, incluidas iniciativas basadas en la investigaci\u00f3n, que le dan a su hijo acceso a servicios m\u00e9dicos de primer nivel.<\/p>\n\n\n\n<div class=\"wp-block-buttons is-horizontal is-content-justification-center is-layout-flex wp-container-core-buttons-is-layout-499968f5 wp-block-buttons-is-layout-flex\">\n<div class=\"wp-block-button\"><a class=\"wp-block-button__link wp-element-button\" href=\"https:\/\/healthcoreclinic.org\/es\/contact\/\">Programe una cita<\/a><\/div>\n<\/div>\n\n\n\n<p><\/p>","protected":false},"excerpt":{"rendered":"<p>La revisi\u00f3n m\u00e9dica para el bienestar infantil es un momento en el que los padres pueden revisar la salud de sus hijos y asegurarse de que est\u00e9n creciendo y desarroll\u00e1ndose&#8230;<\/p>","protected":false},"author":3,"featured_media":4818,"parent":0,"menu_order":0,"comment_status":"closed","ping_status":"closed","template":"","meta":{"footnotes":""},"class_list":["post-4933","page","type-page","status-publish","has-post-thumbnail","hentry"],"_links":{"self":[{"href":"https:\/\/healthcoreclinic.org\/es\/wp-json\/wp\/v2\/pages\/4933","targetHints":{"allow":["GET"]}}],"collection":[{"href":"https:\/\/healthcoreclinic.org\/es\/wp-json\/wp\/v2\/pages"}],"about":[{"href":"https:\/\/healthcoreclinic.org\/es\/wp-json\/wp\/v2\/types\/page"}],"author":[{"embeddable":true,"href":"https:\/\/healthcoreclinic.org\/es\/wp-json\/wp\/v2\/users\/3"}],"replies":[{"embeddable":true,"href":"https:\/\/healthcoreclinic.org\/es\/wp-json\/wp\/v2\/comments?post=4933"}],"version-history":[{"count":5,"href":"https:\/\/healthcoreclinic.org\/es\/wp-json\/wp\/v2\/pages\/4933\/revisions"}],"predecessor-version":[{"id":12222,"href":"https:\/\/healthcoreclinic.org\/es\/wp-json\/wp\/v2\/pages\/4933\/revisions\/12222"}],"wp:featuredmedia":[{"embeddable":true,"href":"https:\/\/healthcoreclinic.org\/es\/wp-json\/wp\/v2\/media\/4818"}],"wp:attachment":[{"href":"https:\/\/healthcoreclinic.org\/es\/wp-json\/wp\/v2\/media?parent=4933"}],"curies":[{"name":"wp","href":"https:\/\/api.w.org\/{rel}","templated":true}]}}