{"id":7171,"date":"2022-03-31T17:04:55","date_gmt":"2022-03-31T22:04:55","guid":{"rendered":"https:\/\/healthcoreclinic.org\/?page_id=7171"},"modified":"2025-08-19T14:26:49","modified_gmt":"2025-08-19T19:26:49","slug":"cuidado-prenatal","status":"publish","type":"page","link":"https:\/\/healthcoreclinic.org\/es\/cuidado-prenatal","title":{"rendered":"Cuidado Prenatal"},"content":{"rendered":"<p>El equipo del cuidado prenatal de HealthCore Clinic incluye atenci\u00f3n obstetra y ginecol\u00f3gica, proveedores de medicina familiar, residentes de Wesley Family Medicine y enfermeras parteras certificadas (CNM). Ofrecemos revisiones completas durante todo el embarazo para ayudar a mantenerlo a usted y a su futuro beb\u00e9 sanos.<\/p>\n\n\n\n<p>El cuidado prenatal regular durante todo el embarazo ayuda a detectar posibles preocupaciones a tiempo y reduce el riesgo de complicaciones del embarazo y del parto. Tan pronto como sospeche que est\u00e1 embarazada, haga una cita con el equipo prenatal de HealthCore Clinic.<\/p>\n\n\n\n<p>Comenzar el cuidado prenatal temprano en el primer trimestre puede ayudar a darle a su beb\u00e9 el mejor comienzo para un futuro saludable. Adem\u00e1s de nuestro experimentado y atento personal de enfermer\u00eda, algunos de los servicios que ofrecemos como parte de nuestra atenci\u00f3n prenatal incluyen:<\/p>\n\n\n\n<ul class=\"wp-block-list\">\n<li>Ultrasonido interno disponible<\/li>\n\n\n\n<li>Tarifas con descuento para las personas que pagan de su bolsillo<\/li>\n\n\n\n<li>Asistencia para la solicitud de seguro m\u00e9dico<\/li>\n\n\n\n<li>Consultas de salud mental de rutina<\/li>\n\n\n\n<li>Clases de educaci\u00f3n de Baby Talk<\/li>\n\n\n\n<li>Cuidado del reci\u00e9n nacido<\/li>\n<\/ul>\n\n\n\n<p>Ofrecemos clases de <a href=\"http:\/\/www.babytalkict.com\/\" target=\"_blank\" rel=\"noreferrer noopener\">Baby Talk<\/a> y <a href=\"https:\/\/www.sedgwickcounty.org\/health\/healthy-babies\/\" target=\"_blank\" rel=\"noreferrer noopener\">Healthy Babies<\/a>, en colaboraci\u00f3n con March of Dimes, el Departamento de Salud del Condado de Sedgwick y la Escuela de Medicina de KU &#8211; Departamento de Pediatr\u00eda de Wichita. Las clases educacionales de Baby Talk tienen premios para los asistentes, como suministros y ropa para beb\u00e9s.<\/p>\n\n\n\n<div class=\"wp-block-group alignfull has-healthcore-gray-background-color has-background\" id=\"odontologicos\"><div class=\"wp-block-group__inner-container is-layout-flow wp-block-group-is-layout-flow\">\n<div class=\"wp-block-columns is-layout-flex wp-container-core-columns-is-layout-9d6595d7 wp-block-columns-is-layout-flex\">\n<div class=\"wp-block-column is-layout-flow wp-block-column-is-layout-flow\">\n<h2 class=\"wp-block-heading\" id=\"when-to-schedule-your-first-prenatal-care-visit-1\">Cuando programar su primera visita de cuidado prenatal<\/h2>\n\n\n\n<p>La primera visita de cuidado prenatal generalmente se lleva a cabo en el segundo mes de embarazo, entre la semana 6 y la semana 8. Es importante programar una visita prenatal con un m\u00e9dico tan pronto como sospeche que est\u00e1 embarazada y se ha realizado una prueba de embarazo.<\/p>\n\n\n\n<p>Durante el embarazo, las revisiones regulares son muy importantes. Este cuidado constante puede ayudar a mantenerlo a usted y a su beb\u00e9 sanos, detectar problemas si ocurren y prevenir problemas durante el parto. Por lo general, las revisiones de rutina ocurren:<\/p>\n\n\n\n<ul class=\"wp-block-list\">\n<li>Una vez al mes durante las semanas cuatro a 28<\/li>\n\n\n\n<li>Dos veces al mes durante las semanas 28 a 36<\/li>\n\n\n\n<li>Semanalmente durante las semanas 36 hasta el nacimiento<\/li>\n<\/ul>\n\n\n\n<p><em>Las mujeres con embarazos de alto riesgo necesitan ver a sus m\u00e9dicos con m\u00e1s frecuencia.<\/em><\/p>\n\n\n\n<div class=\"wp-block-buttons is-layout-flex wp-block-buttons-is-layout-flex\">\n<div class=\"wp-block-button\"><a class=\"wp-block-button__link wp-element-button\" href=\"https:\/\/healthcoreclinic.org\/es\/contact\/\">Programe una cita<\/a><\/div>\n<\/div>\n<\/div>\n\n\n\n<div class=\"wp-block-column is-layout-flow wp-block-column-is-layout-flow\">\n<figure class=\"wp-block-image size-large\"><img loading=\"lazy\" decoding=\"async\" width=\"1024\" height=\"683\" src=\"https:\/\/healthcoreclinic.org\/wp-content\/uploads\/2022\/01\/couple-finding-out-results-of-a-pregnancy-test-2021-08-30-06-33-29-utc-1024x683.jpg\" alt=\"\" class=\"wp-image-6798\" srcset=\"https:\/\/healthcoreclinic.org\/wp-content\/uploads\/2022\/01\/couple-finding-out-results-of-a-pregnancy-test-2021-08-30-06-33-29-utc-1024x683.jpg 1024w, https:\/\/healthcoreclinic.org\/wp-content\/uploads\/2022\/01\/couple-finding-out-results-of-a-pregnancy-test-2021-08-30-06-33-29-utc-300x200.jpg 300w, https:\/\/healthcoreclinic.org\/wp-content\/uploads\/2022\/01\/couple-finding-out-results-of-a-pregnancy-test-2021-08-30-06-33-29-utc-768x512.jpg 768w, https:\/\/healthcoreclinic.org\/wp-content\/uploads\/2022\/01\/couple-finding-out-results-of-a-pregnancy-test-2021-08-30-06-33-29-utc-1536x1024.jpg 1536w, https:\/\/healthcoreclinic.org\/wp-content\/uploads\/2022\/01\/couple-finding-out-results-of-a-pregnancy-test-2021-08-30-06-33-29-utc-2048x1365.jpg 2048w\" sizes=\"auto, (max-width: 1024px) 100vw, 1024px\" \/><\/figure>\n<\/div>\n<\/div>\n<\/div><\/div>\n\n\n\n<h4 class=\"wp-block-heading\" id=\"prenatal-care-visits-health-history\">VISITAS DE CUIDADO PRENATAL E HISTORIAL DE SALUD<\/h4>\n\n\n\n<h2 class=\"wp-block-heading\" id=\"what-to-expect-at-a-prenatal-care-visit\">Qu\u00e9 esperar en una visita de cuidado prenatal<\/h2>\n\n\n\n<p>Durante sus <a href=\"https:\/\/healthcoreclinic.org\/es\/2022\/01\/29\/prenatal-doctor-visits-scheduling-and-what-you-can-expect\/\">revisiones de cuidado prenatal<\/a>, su proveedor de HealthCore discutir\u00e1 muchos temas, como la alimentaci\u00f3n saludable y la actividad f\u00edsica, las pruebas de detecci\u00f3n que podr\u00eda necesitar y qu\u00e9 esperar durante el trabajo de parto y el parto. Esto es lo que puede esperar:<\/p>\n\n\n\n<ul class=\"wp-block-list\">\n<li><strong>Le har\u00e1n una revisi\u00f3n. <\/strong>\u00a0Esto incluir\u00e1 un examen de salud general (revisar su coraz\u00f3n, pulmones, senos y abdomen); medir su presi\u00f3n arterial para que sirva como una lectura de referencia para futuras citas; anotar su altura y peso; una b\u00fasqueda de venas varicosas e hinchaz\u00f3n como informaci\u00f3n para futuras visitas; y un examen p\u00e9lvico.<\/li>\n\n\n\n<li><strong>Recibir\u00e1 confirmaci\u00f3n de su embarazo. <\/strong>\u00a0Incluso si obtuvo un resultado positivo en una prueba de embarazo casera, es probable que su m\u00e9dico le haga una prueba de orina y un an\u00e1lisis de sangre en nuestro laboratorio.<\/li>\n\n\n\n<li><strong>Se someter\u00e1 a otras pruebas. <\/strong>\u00a0Algunas pruebas son rutinarias para todas las mujeres embarazadas, algunas son rutinarias en algunas \u00e1reas del pa\u00eds y algunas se realizan solo cuando es necesario. Las pruebas m\u00e1s comunes en su primera visita prenatal incluyen:\n<ul class=\"wp-block-list\">\n<li><strong>Examen de orina. <\/strong>\u00a0Se puede examinar la orina para detectar prote\u00ednas, glucosa (az\u00facar), gl\u00f3bulos blancos, sangre y bacterias.<\/li>\n\n\n\n<li><strong>An\u00e1lisis de sangre. <\/strong>\u00a0Se usar\u00e1 una muestra de su sangre para determinar el tipo de sangre y el estado Rh y verificar si hay anemia. Su sangre tambi\u00e9n ser\u00e1 examinada para detectar (niveles) anticuerpos e inmunidad a ciertas enfermedades (como la rub\u00e9ola y la varicela) y posiblemente para detectar deficiencia de vitamina D.<\/li>\n\n\n\n<li><strong>Cribado gen\u00e9tico de portadores. <\/strong>\u00a0Si no le hicieron pruebas de detecci\u00f3n antes de la concepci\u00f3n, una extracci\u00f3n de sangre tambi\u00e9n analiza si es usted portadora de las afecciones gen\u00e9ticas m\u00e1s comunes, como la fibrosis qu\u00edstica, la anemia de c\u00e9lulas falciformes, la talasemia, la enfermedad de Tay-Sachs y otras.<\/li>\n\n\n\n<li><strong>Pruebas de ETS. <\/strong>\u00a0Su proveedor puede detectar infecciones de transmisi\u00f3n sexual como hepatitis B, s\u00edfilis, gonorrea, clamidia y VIH.<\/li>\n\n\n\n<li><strong>Prueba de Papanicolaou. <\/strong>\u00a0Al igual que usted tiene sus citas anuales, para detectar c\u00e9lulas cervicales anormales.<\/li>\n\n\n\n<li><strong>Una prueba de az\u00facar en la sangre. <\/strong>\u00a0Puede hacerse esta prueba si tuvo diabetes gestacional en un embarazo anterior o si tiene un mayor riesgo de diabetes gestacional (por ejemplo, si tiene antecedentes familiares).<\/li>\n<\/ul>\n<\/li>\n\n\n\n<li><strong>Obtendr\u00e1 una cuenta regresiva oficial. <\/strong>\u00a0Si sabe cu\u00e1ndo concibi\u00f3 y la fecha de su \u00faltimo per\u00edodo (LMP), aseg\u00farese de mencionarlo. Su proveedor de HealthCore calcular\u00e1 su fecha de parto utilizando informaci\u00f3n como su LMP, una revisi\u00f3n de su cuello uterino y \u00fatero para detectar signos y edad gestacional aproximada del embarazo, sus niveles de hCG y un ultrasonido en nuestra cl\u00ednica (seg\u00fan sea necesario).<\/li>\n\n\n\n<li><strong>Conversar\u00e1 sobre usted y su beb\u00e9. <\/strong>\u00a0Para brindarle la mejor atenci\u00f3n posible, su profesional de HealthCore querr\u00e1 saber mucho sobre usted. Este es un momento para que su m\u00e9dico se ponga al d\u00eda sobre su historial de salud y le informe sobre c\u00f3mo cuidarse a s\u00ed mismo y a su beb\u00e9 en crecimiento, as\u00ed como abordar cualquier inquietud que tenga. Le recomendamos que tome notas durante sus visitas, ya que habr\u00e1 mucha informaci\u00f3n al principio y en todo momento.<\/li>\n<\/ul>\n\n\n\n<h3 class=\"wp-block-heading\" id=\"health-history\">Historial de salud<\/h3>\n\n\n\n<p>Su proveedor de HealthCore Clinic dialogar\u00e1 sobre su historial de salud, antecedentes familiares y estilo de vida actual para crear un plan de parto con usted. Para aprovechar al m\u00e1ximo su primera visita de cuidado prenatal, le sugerimos que investigue y prepare la siguiente informaci\u00f3n para compartir con su equipo de parto de HealthCore:<\/p>\n\n\n\n<ul class=\"wp-block-list\">\n<li><strong>Datos clave de salud. <\/strong>\u00a0Su profesional de HealthCore querr\u00e1 dialogar sobre todos los detalles de su historial m\u00e9dico; le recomendamos que revise sus registros en casa antes de su primera visita. Venga preparado con algunos conceptos b\u00e1sicos sobre:<ul><li><strong>Su historial m\u00e9dico personal. <\/strong>\u00a0Vacunas que ha tenido, enfermedades o cirug\u00edas importantes previas, alergias conocidas, incluidas las alergias a medicamentos.<\/li><li><strong>Su historial de salud mental. <\/strong>\u00a0Cualquier historial de depresi\u00f3n, trastorno de ansiedad u otros trastornos de salud mental<\/li><li><strong>Su historia ginecol\u00f3gica. <\/strong>\u00a0Su edad cuando tuvo su primer per\u00edodo, detalles sobre su ciclo, si tiene problemas con el s\u00edndrome premenstrual o el TDPM, cirug\u00edas ginecol\u00f3gicas previas, antecedentes de pruebas de Papanicolaou anormales o ETS<\/li><li><strong>Su historial obst\u00e9trico. <\/strong>\u00a0Embarazos anteriores, incluidas las complicaciones o p\u00e9rdidas del embarazo y detalles sobre partos anteriores<\/li><\/ul>\n<ul class=\"wp-block-list\">\n<li><strong>Posible exposici\u00f3n a la enfermedad. <\/strong>\u00a0Cualquier enfermedad contagiosa a la que pueda haber estado expuesto (por ejemplo, si viaj\u00f3 al extranjero recientemente o trabaja en el cuidado de la salud)<\/li>\n\n\n\n<li><strong>Sus medicamentos actuales. <\/strong>\u00a0Su proveedor de HealthCore querr\u00e1 saber los nombres y las dosis de cualquier medicamento y suplemento que tome (hierbas y vitaminas incluidas).<\/li>\n<\/ul>\n<\/li>\n<\/ul>\n\n\n\n<p>Averig\u00fce sobre las condiciones de salud que se presentan en su familia y en la de su pareja. Aprenda de qu\u00e9 enfermedades tiene antecedentes su familia, para que pueda hablar con su m\u00e9dico sobre ellas.<\/p>\n\n\n\n<p>Aseg\u00farese de anotar cualquier pregunta que tenga y llevarla a sus visitas al m\u00e9dico prenatal. Tambi\u00e9n puede consultar nuestro art\u00edculo: &#8220;<a href=\"https:\/\/healthcoreclinic.org\/es\/2022\/01\/28\/4-prenatal-care-tips-for-expecting-mothers\/\"><strong><em>4 consejos de cuidado prenatal para madres embarazadas<\/em><\/strong><\/a>&#8220;, que cubre algunas de las preguntas comunes que las madres embarazadas tienen sobre el embarazo y consejos \u00fatiles de cuidado prenatal.<\/p>\n\n\n\n<div class=\"wp-block-buttons is-content-justification-center is-layout-flex wp-container-core-buttons-is-layout-16018d1d wp-block-buttons-is-layout-flex\">\n<div class=\"wp-block-button\"><a class=\"wp-block-button__link wp-element-button\" href=\"https:\/\/healthcoreclinic.org\/es\/contact\/\">Programe una cita prenatal<\/a><\/div>\n<\/div>\n\n\n\n<div class=\"wp-block-group alignfull affordability\" id=\"affordability\"><div class=\"wp-block-group__inner-container is-layout-flow wp-block-group-is-layout-flow\">\n<div class=\"wp-block-columns is-layout-flex wp-container-core-columns-is-layout-9d6595d7 wp-block-columns-is-layout-flex\">\n<div class=\"wp-block-column is-layout-flow wp-block-column-is-layout-flow\">\n<figure class=\"wp-block-image size-large\"><img loading=\"lazy\" decoding=\"async\" width=\"1024\" height=\"683\" src=\"https:\/\/healthcoreclinic.org\/wp-content\/uploads\/2020\/02\/8ezjV3hA.jpeg-scaled-e1574657073716-1024x683.jpg\" alt=\"\" class=\"wp-image-118\" srcset=\"https:\/\/healthcoreclinic.org\/wp-content\/uploads\/2020\/02\/8ezjV3hA.jpeg-scaled-e1574657073716-1024x683.jpg 1024w, https:\/\/healthcoreclinic.org\/wp-content\/uploads\/2020\/02\/8ezjV3hA.jpeg-scaled-e1574657073716-300x200.jpg 300w, https:\/\/healthcoreclinic.org\/wp-content\/uploads\/2020\/02\/8ezjV3hA.jpeg-scaled-e1574657073716-768x513.jpg 768w, https:\/\/healthcoreclinic.org\/wp-content\/uploads\/2020\/02\/8ezjV3hA.jpeg-scaled-e1574657073716.jpg 1500w\" sizes=\"auto, (max-width: 1024px) 100vw, 1024px\" \/><\/figure>\n<\/div>\n\n\n\n<div class=\"wp-block-column is-layout-flow wp-block-column-is-layout-flow\">\n<h4 class=\"wp-block-heading\">ACCESIBILIDAD<\/h4>\n\n\n\n<h2 class=\"wp-block-heading\">Cuidado de la salud para <em>todos<\/em><\/h2>\n\n\n\n<p class=\"has-medium-font-size\">Las preocupaciones financieras no deben ser una barrera para recibir servicios de atenci\u00f3n m\u00e9dica de alta calidad.<\/p>\n\n\n\n<p>Aceptamos la mayor\u00eda de los seguros m\u00e9dicos, ofrecemos <a href=\"https:\/\/healthcoreclinic.org\/es\/pricing-and-fees\/\">tarifas basadas en su salario<\/a>, descuentos y coordinadores de atenci\u00f3n para ayudar.<\/p>\n\n\n\n<div class=\"wp-block-button\"><a class=\"wp-block-button__link wp-element-button\" href=\"https:\/\/healthcoreclinic.org\/es\/pricing-and-fees\/\">Precios y tarifas<\/a><\/div>\n<\/div>\n<\/div>\n<\/div><\/div>\n\n\n\n<h4 class=\"wp-block-heading\" id=\"ob-gyn-care-family-medicine-providers-certified-nurse-midwives\">ATENCI\u00d3N OBSTETRA-GINECOL\u00d3GICA, PROVEEDORES DE MEDICINA FAMILIAR Y ENFERMERAS PARTERAS CERTIFICADAS<\/h4>\n\n\n\n<h2 class=\"wp-block-heading\" id=\"ob-gyn-midwife-providers\">Proveedores de obstetras y parteras<\/h2>\n\n\n\n<p>Un <strong>obstetra-ginec\u00f3logo (OB-GYN)<\/strong> es un m\u00e9dico que tiene una formaci\u00f3n amplia y espec\u00edfica en obstetricia y ginecolog\u00eda. Nuestros obstetras y ginec\u00f3logos brindan una amplia gama de servicios de cuidado preventivo, que incluyen pruebas de Papanicolaou, pruebas de ETS, ex\u00e1menes p\u00e9lvicos, ultrasonidos y an\u00e1lisis de sangre. Nuestros obstetras-ginec\u00f3logos pueden responder preguntas sobre su embarazo, sexo, salud reproductiva, infertilidad y muchos otros temas.<\/p>\n\n\n\n<p>Recomendamos que las mujeres vean a sus obstetras-ginec\u00f3logos al menos una vez al a\u00f1o. Durante el embarazo, recomendamos que las mujeres vean a su obstetra-ginec\u00f3logo una vez al mes durante las semanas cuatro a 28 de su embarazo, dos veces al mes durante las semanas 28 a 36, y semanalmente durante las semanas 36 hasta el nacimiento.<\/p>\n\n\n\n<p>Una <strong>enfermera partera certificada (CNM)<\/strong> es un proveedor de atenci\u00f3n m\u00e9dica primaria de salud para mujeres de todas las edades a lo largo de sus vidas. Los CNM se centran en los servicios ginecol\u00f3gicos y de planificaci\u00f3n familiar, as\u00ed como en el cuidado preconcepcional, el embarazo, el parto, el posparto y el reci\u00e9n nacido. Tambi\u00e9n brindan atenci\u00f3n m\u00e9dica primaria, como la realizaci\u00f3n de ex\u00e1menes anuales, la redacci\u00f3n de recetas y la oferta de asesoramiento nutricional b\u00e1sico.<\/p>\n\n\n\n<p>Nuestras Enfermeras-Parteras Certificadas son enfermeras registradas de pr\u00e1ctica avanzada (APRN) respaldadas por el Colegio Americano de Enfermeras-Parteras. Las enfermeras registradas de HealthCore Clinic deben graduarse de un programa de educaci\u00f3n de enfermeras-parteras de maestr\u00eda o nivel superior acreditado por la Comisi\u00f3n de Acreditaci\u00f3n para la Educaci\u00f3n de Parter\u00eda (ACME) y aprobar el Examen Nacional de Enfermera-Partera Certificada a trav\u00e9s de la Junta de Certificaci\u00f3n de Parter\u00eda Americana. Todos nuestros CNM deben tener licencia estatal.<\/p>\n\n\n\n<h4 class=\"wp-block-heading\" id=\"healthcore-clinic-s-approach-to-prenatal-care\">ENFOQUE DE HEALTHCORE CLINIC PARA EL CUIDADO PRENATAL<\/h4>\n\n\n\n<h2 class=\"wp-block-heading\" id=\"why-choose-healthcore-for-prenatal-care\">\u00bfPor qu\u00e9 elegir HealthCore para el cuidado prenatal?<\/h2>\n\n\n\n<p><a href=\"https:\/\/healthcoreclinic.org\/es\/\">\u00a1HealthCore Clinic<\/a>&nbsp;es diferente a la mayor\u00eda de los consultorios m\u00e9dicos con los que est\u00e1 familiarizado. Nuestros pacientes participan m\u00e1s activamente en la mejora de su salud a trav\u00e9s de un enfoque basado en el equipo. Le recomendamos que se convierta en socia de su equipo de cuidado prenatal para administrar su atenci\u00f3n de la manera que sea mejor para usted y su beb\u00e9.<\/p>\n\n\n\n<p>Nuestro enfoque de atenci\u00f3n integrada significa que nuestros clientes tienen acceso conveniente y asequible para mejorar toda su salud y bienestar, con todos sus servicios de cuidado prenatal bajo un mismo techo, incluidos m\u00e9dicos, salud mental, ultrasonidos, laboratorio, farmacia y m\u00e1s.<\/p>\n\n\n\n<p>Los sistemas en nuestro cuerpo est\u00e1n conectados, entonces, \u00bfpor qu\u00e9 deber\u00eda fragmentarse su cuidado prenatal? No deber\u00eda. Programe una cita con nuestro equipo de cuidado prenatal hoy y vea por qu\u00e9 el enfoque integrado de atenci\u00f3n de HealthCore Clinic es la principal opci\u00f3n de madres embarazadas en Wichita.<\/p>\n\n\n\n<div class=\"wp-block-buttons is-content-justification-center is-layout-flex wp-container-core-buttons-is-layout-16018d1d wp-block-buttons-is-layout-flex\">\n<div class=\"wp-block-button\"><a class=\"wp-block-button__link wp-element-button\" href=\"https:\/\/healthcoreclinic.org\/es\/contact\/\">Programe una cita prenatal<\/a><\/div>\n<\/div>\n\n\n\n<div id=\"visit\" class=\"wp-block-group plan_your_visit\"><div class=\"wp-block-group__inner-container is-layout-flow wp-block-group-is-layout-flow\">\n<div class=\"image\"><div class=\"image_inner\"><div class=\"shapes shapes_a\"><\/div><\/div><\/div><div class=\"text\"><h2 class=\"wp-block-heading\">Planifique su <em>visita<\/em><\/h2>\n\n\n\n<div class=\"wp-block-columns is-layout-flex wp-container-core-columns-is-layout-9d6595d7 wp-block-columns-is-layout-flex\">\n<div class=\"wp-block-column is-layout-flow wp-block-column-is-layout-flow\">\n<h4 class=\"wp-block-heading\">Horario de la cl\u00ednica<\/h4>\n\n\n\n<p class=\"hours\"><em>Lunes:<\/em> 8am \u2013 7pm<br><em>Martes:<\/em> 8am \u2013 7pm<br><em>Mi\u00e9rcoles:<\/em> 8am \u2013 7pm<br><em>Jueves:<\/em> 8am \u2013 7pm<br><em>Viernes:<\/em> 8am &#8211; 5pm<br><em>S\u00e1bado:<\/em> 8am &#8211; 12pm<br><em>Domingo:<\/em> Cerrada<\/p>\n\n\n\n<p><mark style=\"background-color:rgba(0, 0, 0, 0)\" class=\"has-inline-color has-vivid-red-color\">Las horas est\u00e1n temporalmente limitadas debido a COVID-19.<\/mark><\/p>\n<\/div>\n\n\n\n<div class=\"wp-block-column is-layout-flow wp-block-column-is-layout-flow\">\n<h4 class=\"wp-block-heading\">Ubicaci\u00f3n<\/h4>\n\n\n\n<p>\u00a1HealthCore Clinic<br>2707 E 21st St N<br>Wichita, KS 67214<\/p>\n\n\n\n<p><a href=\"https:\/\/g.page\/HealthCoreICT?share\" target=\"_blank\" rel=\"noreferrer noopener\">Direcciones<\/a><\/p>\n<\/div>\n<\/div>\n\n\n\n<h4 class=\"wp-block-heading\">Tel\u00e9fono<\/h4>\n\n\n\n<p class=\"has-medium-font-size\"><a href=\"tel:316-691-0249\" target=\"_blank\" rel=\"noreferrer noopener\" aria-label=\" (opens in a new tab)\">(316) 691-0249<\/a><\/p>\n\n\n\n<p>Despu\u00e9s de horas &#8211; Cuidado inmediato: <a rel=\"noreferrer noopener\" href=\"tel:316-262-6262\" target=\"_blank\">(316) 262-6262<\/a><\/p>\n\n\n\n<h4 class=\"wp-block-heading\">Facs\u00edmil<\/h4>\n\n\n\n<p><br>Fax de la cl\u00ednica: (866) 514-0974<br>Fax de la cl\u00ednica dental: (888) 662-7106<\/p>\n<\/div>\n<\/div><\/div>","protected":false},"excerpt":{"rendered":"<p>El equipo del cuidado prenatal de HealthCore Clinic incluye atenci\u00f3n obstetra y ginecol\u00f3gica, proveedores de medicina familiar, residentes de Wesley Family Medicine y enfermeras parteras certificadas (CNM). Ofrecemos revisiones completas&#8230;<\/p>","protected":false},"author":3,"featured_media":6797,"parent":0,"menu_order":0,"comment_status":"closed","ping_status":"closed","template":"","meta":{"footnotes":""},"class_list":["post-7171","page","type-page","status-publish","has-post-thumbnail","hentry"],"_links":{"self":[{"href":"https:\/\/healthcoreclinic.org\/es\/wp-json\/wp\/v2\/pages\/7171","targetHints":{"allow":["GET"]}}],"collection":[{"href":"https:\/\/healthcoreclinic.org\/es\/wp-json\/wp\/v2\/pages"}],"about":[{"href":"https:\/\/healthcoreclinic.org\/es\/wp-json\/wp\/v2\/types\/page"}],"author":[{"embeddable":true,"href":"https:\/\/healthcoreclinic.org\/es\/wp-json\/wp\/v2\/users\/3"}],"replies":[{"embeddable":true,"href":"https:\/\/healthcoreclinic.org\/es\/wp-json\/wp\/v2\/comments?post=7171"}],"version-history":[{"count":4,"href":"https:\/\/healthcoreclinic.org\/es\/wp-json\/wp\/v2\/pages\/7171\/revisions"}],"predecessor-version":[{"id":12197,"href":"https:\/\/healthcoreclinic.org\/es\/wp-json\/wp\/v2\/pages\/7171\/revisions\/12197"}],"wp:featuredmedia":[{"embeddable":true,"href":"https:\/\/healthcoreclinic.org\/es\/wp-json\/wp\/v2\/media\/6797"}],"wp:attachment":[{"href":"https:\/\/healthcoreclinic.org\/es\/wp-json\/wp\/v2\/media?parent=7171"}],"curies":[{"name":"wp","href":"https:\/\/api.w.org\/{rel}","templated":true}]}}